{"id":1056787,"date":"2025-12-01T06:51:39","date_gmt":"2025-12-01T05:51:39","guid":{"rendered":"https:\/\/ny-staging-alex.stilanddesign.se\/?page_id=1056787"},"modified":"2025-12-01T06:58:23","modified_gmt":"2025-12-01T05:58:23","slug":"qliro","status":"publish","type":"page","link":"https:\/\/ny-staging-alex.stilanddesign.se\/en\/qliro\/","title":{"rendered":"Qliro"},"content":{"rendered":"<div data-elementor-type=\"wp-page\" data-elementor-id=\"1056787\" class=\"elementor elementor-1056787\" data-elementor-post-type=\"page\">\n\t\t\t\t<div class=\"elementor-element elementor-element-ee11450 e-flex e-con-boxed e-con e-parent\" data-id=\"ee11450\" data-element_type=\"container\" data-e-type=\"container\">\n\t\t\t\t\t<div class=\"e-con-inner\">\n\t\t\t\t<div class=\"elementor-element elementor-element-ea1a4fe elementor-widget elementor-widget-html\" data-id=\"ea1a4fe\" data-element_type=\"widget\" data-e-type=\"widget\" data-widget_type=\"html.default\">\n\t\t\t\t<div class=\"elementor-widget-container\">\n\t\t\t\t\t<style>\r\n    .qliro-container {\r\n        max-width: 1200px;\r\n        margin: 0 auto;\r\n        padding: 60px 40px;\r\n    }\r\n\r\n    .qliro-intro-text {\r\n        text-align: center;\r\n        font-size: 15px;\r\n        color: #666666;\r\n        font-style: italic;\r\n        margin-bottom: 20px;\r\n        max-width: 800px;\r\n        margin-left: auto;\r\n        margin-right: auto;\r\n    }\r\n\r\n    .qliro-h1 {\r\n        font-size: 48px;\r\n        font-weight: 300;\r\n        color: #000000;\r\n        text-align: center;\r\n        margin: 30px 0;\r\n        letter-spacing: 1px;\r\n        line-height: 1.3;\r\n    }\r\n\r\n    .qliro-subtitle {\r\n        font-size: 18px;\r\n        color: #333333;\r\n        text-align: center;\r\n        margin-bottom: 60px;\r\n    }\r\n\r\n    .qliro-payment-switch {\r\n        background-color: #faf8f6;\r\n        padding: 60px 40px;\r\n        margin: 60px 0;\r\n        text-align: center;\r\n    }\r\n\r\n    .qliro-payment-logos {\r\n        display: flex;\r\n        align-items: center;\r\n        justify-content: center;\r\n        gap: 40px;\r\n        flex-wrap: wrap;\r\n    }\r\n\r\n    .qliro-payment-logos img {\r\n        max-width: 180px;\r\n        height: auto;\r\n    }\r\n\r\n    .qliro-arrow {\r\n        font-size: 42px;\r\n        color: #333333;\r\n        font-weight: 300;\r\n    }\r\n\r\n    .qliro-benefits-section {\r\n        padding: 60px 0;\r\n    }\r\n\r\n    .qliro-h2 {\r\n        font-size: 36px;\r\n        font-weight: 300;\r\n        color: #000000;\r\n        text-align: center;\r\n        margin-bottom: 50px;\r\n        letter-spacing: 1px;\r\n    }\r\n\r\n    .qliro-benefits-grid {\r\n        display: grid;\r\n        grid-template-columns: repeat(auto-fit, minmax(280px, 1fr));\r\n        gap: 40px;\r\n        max-width: 1000px;\r\n        margin: 0 auto;\r\n    }\r\n\r\n    .qliro-benefit-item {\r\n        display: flex;\r\n        gap: 15px;\r\n    }\r\n\r\n    .qliro-checkmark {\r\n        font-size: 24px;\r\n        color: #000000;\r\n        flex-shrink: 0;\r\n    }\r\n\r\n    .qliro-benefit-text {\r\n        font-size: 16px;\r\n        color: #333333;\r\n        line-height: 1.6;\r\n    }\r\n\r\n    .qliro-benefit-text strong {\r\n        display: block;\r\n        margin-bottom: 5px;\r\n    }\r\n\r\n    .qliro-note-section {\r\n        background-color: #faf8f6;\r\n        padding: 40px;\r\n        text-align: center;\r\n        margin: 60px 0;\r\n    }\r\n\r\n    .qliro-note-section p {\r\n        font-size: 15px;\r\n        color: #666666;\r\n        font-style: italic;\r\n        max-width: 800px;\r\n        margin: 0 auto;\r\n    }\r\n\r\n    .qliro-cta-section {\r\n        text-align: center;\r\n        padding: 60px 0;\r\n    }\r\n\r\n    .qliro-cta-button {\r\n        background-color: #000000;\r\n        color: #ffffff;\r\n        padding: 20px 60px;\r\n        font-size: 16px;\r\n        font-weight: 300;\r\n        text-decoration: none;\r\n        display: inline-block;\r\n        letter-spacing: 2px;\r\n        text-transform: uppercase;\r\n        transition: background-color 0.3s ease;\r\n    }\r\n\r\n    .qliro-cta-button:hover {\r\n        background-color: #333333;\r\n    }\r\n\r\n    @media (max-width: 768px) {\r\n        .qliro-container {\r\n            padding: 40px 20px;\r\n        }\r\n\r\n        .qliro-h1 {\r\n            font-size: 32px;\r\n        }\r\n\r\n        .qliro-h2 {\r\n            font-size: 28px;\r\n        }\r\n\r\n        .qliro-payment-logos {\r\n            gap: 20px;\r\n        }\r\n\r\n        .qliro-payment-logos img {\r\n            max-width: 140px;\r\n        }\r\n\r\n        .qliro-arrow {\r\n            font-size: 32px;\r\n        }\r\n\r\n        .qliro-benefits-grid {\r\n            grid-template-columns: 1fr;\r\n            gap: 30px;\r\n        }\r\n    }\r\n<\/style>\r\n\r\n<div class=\"qliro-container\">\r\n    \r\n    <p class=\"qliro-intro-text\">\r\n        *For you as a customer, it&#039;s the same security, the same opportunities \u2013 but with a partner who makes it easier for us to help you.\r\n    <\/p>\r\n\r\n    <h1 class=\"qliro-h1\">We are now switching from Klarna to Qliro<\/h1>\r\n\r\n    <p class=\"qliro-subtitle\">\r\n        We are updating our payment method to make your shopping with us even better.\r\n    <\/p>\r\n\r\n    <div class=\"qliro-payment-switch\">\r\n        <div class=\"qliro-payment-logos\">\r\n            <img decoding=\"async\" src=\"https:\/\/ny-staging-alex.stilanddesign.se\/wp-content\/uploads\/2025\/11\/Wordmark-Transparent-And-Black.png\" alt=\"Klarna\" \/>\r\n            <span class=\"qliro-arrow\">\u2192<\/span>\r\n            <img decoding=\"async\" src=\"https:\/\/ny-staging-alex.stilanddesign.se\/wp-content\/uploads\/2025\/11\/logo_text_mint.png\" alt=\"Qliro\" \/>\r\n        <\/div>\r\n    <\/div>\r\n\r\n    <div class=\"qliro-benefits-section\">\r\n        <h2 class=\"qliro-h2\">Why are we switching to Qliro?<\/h2>\r\n        \r\n        <div class=\"qliro-benefits-grid\">\r\n            <div class=\"qliro-benefit-item\">\r\n                <span class=\"qliro-checkmark\">\u2713<\/span>\r\n                <div class=\"qliro-benefit-text\">\r\n                    <strong>More focus on you<\/strong>\r\n                    Better service and more time for products and inspiration\r\n                <\/div>\r\n            <\/div>\r\n\r\n            <div class=\"qliro-benefit-item\">\r\n                <span class=\"qliro-checkmark\">\u2713<\/span>\r\n                <div class=\"qliro-benefit-text\">\r\n                    <strong>All the payment methods you love<\/strong>\r\n                    Invoice, partial payment, card and direct payment\r\n                <\/div>\r\n            <\/div>\r\n\r\n            <div class=\"qliro-benefit-item\">\r\n                <span class=\"qliro-checkmark\">\u2713<\/span>\r\n                <div class=\"qliro-benefit-text\">\r\n                    <strong>Faster support<\/strong>\r\n                    Help when you need it with a payment\r\n                <\/div>\r\n            <\/div>\r\n\r\n            <div class=\"qliro-benefit-item\">\r\n                <span class=\"qliro-checkmark\">\u2713<\/span>\r\n                <div class=\"qliro-benefit-text\">\r\n                    <strong>Better prices<\/strong>\r\n                    Lower fees in the background allow us to offer even better prices\r\n                <\/div>\r\n            <\/div>\r\n        <\/div>\r\n    <\/div>\r\n\r\n    <div class=\"qliro-note-section\">\r\n        <p>\r\n            *For you as a customer, it&#039;s the same security, the same opportunities \u2013 but with a partner who makes it easier for us to help you.\r\n        <\/p>\r\n    <\/div>\r\n\r\n<\/div>\t\t\t\t<\/div>\n\t\t\t\t<\/div>\n\t\t\t\t\t<\/div>\n\t\t\t\t<\/div>\n\t\t\t\t<\/div>","protected":false},"excerpt":{"rendered":"<p>*F\u00f6r dig som kund \u00e4r det allts\u00e5 samma trygghet, samma m\u00f6jligheter \u2013 men med en partner som g\u00f6r det smidigare f\u00f6r oss att hj\u00e4lpa dig. Nu byter vi fr\u00e5n Klarna till Qliro Vi uppdaterar v\u00e5rt betals\u00e4tt f\u00f6r att g\u00f6ra din shopping hos oss \u00e4nnu b\u00e4ttre. \u2192 Varf\u00f6r byter vi till Qliro? \u2713 Mer fokus p\u00e5 [&hellip;]<\/p>\n","protected":false},"author":2276,"featured_media":0,"parent":0,"menu_order":0,"comment_status":"closed","ping_status":"closed","template":"","meta":{"footnotes":""},"class_list":["post-1056787","page","type-page","status-publish","hentry"],"yoast_head":"<!-- This site is optimized with the Yoast SEO Premium plugin v26.6 (Yoast SEO v27.4) - https:\/\/yoast.com\/product\/yoast-seo-premium-wordpress\/ -->\n<title>Qliro - Stil &amp; Design<\/title>\n<meta name=\"robots\" content=\"noindex, follow, max-snippet:-1, max-image-preview:large, max-video-preview:-1\" \/>\n<meta property=\"og:locale\" content=\"en_US\" \/>\n<meta property=\"og:type\" content=\"article\" \/>\n<meta property=\"og:title\" content=\"Qliro\" \/>\n<meta property=\"og:description\" content=\"*F\u00f6r dig som kund \u00e4r det allts\u00e5 samma trygghet, samma m\u00f6jligheter \u2013 men med en partner som g\u00f6r det smidigare f\u00f6r oss att hj\u00e4lpa dig. Nu byter vi fr\u00e5n Klarna till Qliro Vi uppdaterar v\u00e5rt betals\u00e4tt f\u00f6r att g\u00f6ra din shopping hos oss \u00e4nnu b\u00e4ttre. \u2192 Varf\u00f6r byter vi till Qliro? \u2713 Mer fokus p\u00e5 [&hellip;]\" \/>\n<meta property=\"og:url\" content=\"https:\/\/ny-staging-alex.stilanddesign.se\/en\/qliro\/\" \/>\n<meta property=\"og:site_name\" content=\"Stil &amp; Design\" \/>\n<meta property=\"article:modified_time\" content=\"2025-12-01T05:58:23+00:00\" \/>\n<meta property=\"og:image\" content=\"https:\/\/ny-staging-alex.stilanddesign.se\/wp-content\/uploads\/2025\/11\/Wordmark-Transparent-And-Black.png\" \/>\n<meta name=\"twitter:card\" content=\"summary_large_image\" \/>\n<meta name=\"twitter:label1\" content=\"Est. reading time\" \/>\n\t<meta name=\"twitter:data1\" content=\"2 minutes\" \/>\n<script type=\"application\/ld+json\" class=\"yoast-schema-graph\">{\"@context\":\"https:\\\/\\\/schema.org\",\"@graph\":[{\"@type\":\"WebPage\",\"@id\":\"https:\\\/\\\/ny-staging-alex.stilanddesign.se\\\/qliro\\\/\",\"url\":\"https:\\\/\\\/ny-staging-alex.stilanddesign.se\\\/qliro\\\/\",\"name\":\"Qliro - Stil &amp; Design\",\"isPartOf\":{\"@id\":\"https:\\\/\\\/ny-staging-alex.stilanddesign.se\\\/#website\"},\"primaryImageOfPage\":{\"@id\":\"https:\\\/\\\/ny-staging-alex.stilanddesign.se\\\/qliro\\\/#primaryimage\"},\"image\":{\"@id\":\"https:\\\/\\\/ny-staging-alex.stilanddesign.se\\\/qliro\\\/#primaryimage\"},\"thumbnailUrl\":\"https:\\\/\\\/ny-staging-alex.stilanddesign.se\\\/wp-content\\\/uploads\\\/2025\\\/11\\\/Wordmark-Transparent-And-Black.png\",\"datePublished\":\"2025-12-01T05:51:39+00:00\",\"dateModified\":\"2025-12-01T05:58:23+00:00\",\"breadcrumb\":{\"@id\":\"https:\\\/\\\/ny-staging-alex.stilanddesign.se\\\/qliro\\\/#breadcrumb\"},\"inLanguage\":\"en-US\",\"potentialAction\":[{\"@type\":\"ReadAction\",\"target\":[\"https:\\\/\\\/ny-staging-alex.stilanddesign.se\\\/qliro\\\/\"]}]},{\"@type\":\"ImageObject\",\"inLanguage\":\"en-US\",\"@id\":\"https:\\\/\\\/ny-staging-alex.stilanddesign.se\\\/qliro\\\/#primaryimage\",\"url\":\"https:\\\/\\\/ny-staging-alex.stilanddesign.se\\\/wp-content\\\/uploads\\\/2025\\\/11\\\/Wordmark-Transparent-And-Black.png\",\"contentUrl\":\"https:\\\/\\\/ny-staging-alex.stilanddesign.se\\\/wp-content\\\/uploads\\\/2025\\\/11\\\/Wordmark-Transparent-And-Black.png\"},{\"@type\":\"BreadcrumbList\",\"@id\":\"https:\\\/\\\/ny-staging-alex.stilanddesign.se\\\/qliro\\\/#breadcrumb\",\"itemListElement\":[{\"@type\":\"ListItem\",\"position\":1,\"name\":\"Hem\",\"item\":\"https:\\\/\\\/ny-staging-alex.stilanddesign.se\\\/\"},{\"@type\":\"ListItem\",\"position\":2,\"name\":\"Qliro\"}]},{\"@type\":\"WebSite\",\"@id\":\"https:\\\/\\\/ny-staging-alex.stilanddesign.se\\\/#website\",\"url\":\"https:\\\/\\\/ny-staging-alex.stilanddesign.se\\\/\",\"name\":\"Stil &amp; Design\",\"description\":\"F\u00f6r oss som \u00e4lskar mode!\",\"publisher\":{\"@id\":\"https:\\\/\\\/ny-staging-alex.stilanddesign.se\\\/#organization\"},\"potentialAction\":[{\"@type\":\"SearchAction\",\"target\":{\"@type\":\"EntryPoint\",\"urlTemplate\":\"https:\\\/\\\/ny-staging-alex.stilanddesign.se\\\/?s={search_term_string}\"},\"query-input\":{\"@type\":\"PropertyValueSpecification\",\"valueRequired\":true,\"valueName\":\"search_term_string\"}}],\"inLanguage\":\"en-US\"},{\"@type\":\"Organization\",\"@id\":\"https:\\\/\\\/ny-staging-alex.stilanddesign.se\\\/#organization\",\"name\":\"Stil &amp; Design\",\"url\":\"https:\\\/\\\/ny-staging-alex.stilanddesign.se\\\/\",\"logo\":{\"@type\":\"ImageObject\",\"inLanguage\":\"en-US\",\"@id\":\"https:\\\/\\\/ny-staging-alex.stilanddesign.se\\\/#\\\/schema\\\/logo\\\/image\\\/\",\"url\":\"https:\\\/\\\/ny-staging-alex.stilanddesign.se\\\/wp-content\\\/uploads\\\/2023\\\/12\\\/output-onlinepngtools-e1727784413220.png\",\"contentUrl\":\"https:\\\/\\\/ny-staging-alex.stilanddesign.se\\\/wp-content\\\/uploads\\\/2023\\\/12\\\/output-onlinepngtools-e1727784413220.png\",\"width\":519,\"height\":135,\"caption\":\"Stil &amp; Design\"},\"image\":{\"@id\":\"https:\\\/\\\/ny-staging-alex.stilanddesign.se\\\/#\\\/schema\\\/logo\\\/image\\\/\"}}]}<\/script>\n<!-- \/ Yoast SEO Premium plugin. -->","yoast_head_json":{"title":"Qliro - Stil &amp; Design","robots":{"index":"noindex","follow":"follow","max-snippet":"max-snippet:-1","max-image-preview":"max-image-preview:large","max-video-preview":"max-video-preview:-1"},"og_locale":"en_US","og_type":"article","og_title":"Qliro","og_description":"*F\u00f6r dig som kund \u00e4r det allts\u00e5 samma trygghet, samma m\u00f6jligheter \u2013 men med en partner som g\u00f6r det smidigare f\u00f6r oss att hj\u00e4lpa dig. Nu byter vi fr\u00e5n Klarna till Qliro Vi uppdaterar v\u00e5rt betals\u00e4tt f\u00f6r att g\u00f6ra din shopping hos oss \u00e4nnu b\u00e4ttre. \u2192 Varf\u00f6r byter vi till Qliro? \u2713 Mer fokus p\u00e5 [&hellip;]","og_url":"https:\/\/ny-staging-alex.stilanddesign.se\/en\/qliro\/","og_site_name":"Stil &amp; Design","article_modified_time":"2025-12-01T05:58:23+00:00","og_image":[{"url":"https:\/\/ny-staging-alex.stilanddesign.se\/wp-content\/uploads\/2025\/11\/Wordmark-Transparent-And-Black.png","type":"","width":"","height":""}],"twitter_card":"summary_large_image","twitter_misc":{"Est. reading time":"2 minutes"},"schema":{"@context":"https:\/\/schema.org","@graph":[{"@type":"WebPage","@id":"https:\/\/ny-staging-alex.stilanddesign.se\/qliro\/","url":"https:\/\/ny-staging-alex.stilanddesign.se\/qliro\/","name":"Qliro - Stil &amp; Design","isPartOf":{"@id":"https:\/\/ny-staging-alex.stilanddesign.se\/#website"},"primaryImageOfPage":{"@id":"https:\/\/ny-staging-alex.stilanddesign.se\/qliro\/#primaryimage"},"image":{"@id":"https:\/\/ny-staging-alex.stilanddesign.se\/qliro\/#primaryimage"},"thumbnailUrl":"https:\/\/ny-staging-alex.stilanddesign.se\/wp-content\/uploads\/2025\/11\/Wordmark-Transparent-And-Black.png","datePublished":"2025-12-01T05:51:39+00:00","dateModified":"2025-12-01T05:58:23+00:00","breadcrumb":{"@id":"https:\/\/ny-staging-alex.stilanddesign.se\/qliro\/#breadcrumb"},"inLanguage":"en-US","potentialAction":[{"@type":"ReadAction","target":["https:\/\/ny-staging-alex.stilanddesign.se\/qliro\/"]}]},{"@type":"ImageObject","inLanguage":"en-US","@id":"https:\/\/ny-staging-alex.stilanddesign.se\/qliro\/#primaryimage","url":"https:\/\/ny-staging-alex.stilanddesign.se\/wp-content\/uploads\/2025\/11\/Wordmark-Transparent-And-Black.png","contentUrl":"https:\/\/ny-staging-alex.stilanddesign.se\/wp-content\/uploads\/2025\/11\/Wordmark-Transparent-And-Black.png"},{"@type":"BreadcrumbList","@id":"https:\/\/ny-staging-alex.stilanddesign.se\/qliro\/#breadcrumb","itemListElement":[{"@type":"ListItem","position":1,"name":"Hem","item":"https:\/\/ny-staging-alex.stilanddesign.se\/"},{"@type":"ListItem","position":2,"name":"Qliro"}]},{"@type":"WebSite","@id":"https:\/\/ny-staging-alex.stilanddesign.se\/#website","url":"https:\/\/ny-staging-alex.stilanddesign.se\/","name":"Style &amp; Design","description":"For those of us who love fashion!","publisher":{"@id":"https:\/\/ny-staging-alex.stilanddesign.se\/#organization"},"potentialAction":[{"@type":"SearchAction","target":{"@type":"EntryPoint","urlTemplate":"https:\/\/ny-staging-alex.stilanddesign.se\/?s={search_term_string}"},"query-input":{"@type":"PropertyValueSpecification","valueRequired":true,"valueName":"search_term_string"}}],"inLanguage":"en-US"},{"@type":"Organization","@id":"https:\/\/ny-staging-alex.stilanddesign.se\/#organization","name":"Style &amp; Design","url":"https:\/\/ny-staging-alex.stilanddesign.se\/","logo":{"@type":"ImageObject","inLanguage":"en-US","@id":"https:\/\/ny-staging-alex.stilanddesign.se\/#\/schema\/logo\/image\/","url":"https:\/\/ny-staging-alex.stilanddesign.se\/wp-content\/uploads\/2023\/12\/output-onlinepngtools-e1727784413220.png","contentUrl":"https:\/\/ny-staging-alex.stilanddesign.se\/wp-content\/uploads\/2023\/12\/output-onlinepngtools-e1727784413220.png","width":519,"height":135,"caption":"Stil &amp; Design"},"image":{"@id":"https:\/\/ny-staging-alex.stilanddesign.se\/#\/schema\/logo\/image\/"}}]}},"_links":{"self":[{"href":"https:\/\/ny-staging-alex.stilanddesign.se\/en\/wp-json\/wp\/v2\/pages\/1056787","targetHints":{"allow":["GET"]}}],"collection":[{"href":"https:\/\/ny-staging-alex.stilanddesign.se\/en\/wp-json\/wp\/v2\/pages"}],"about":[{"href":"https:\/\/ny-staging-alex.stilanddesign.se\/en\/wp-json\/wp\/v2\/types\/page"}],"author":[{"embeddable":true,"href":"https:\/\/ny-staging-alex.stilanddesign.se\/en\/wp-json\/wp\/v2\/users\/2276"}],"replies":[{"embeddable":true,"href":"https:\/\/ny-staging-alex.stilanddesign.se\/en\/wp-json\/wp\/v2\/comments?post=1056787"}],"version-history":[{"count":4,"href":"https:\/\/ny-staging-alex.stilanddesign.se\/en\/wp-json\/wp\/v2\/pages\/1056787\/revisions"}],"predecessor-version":[{"id":1056794,"href":"https:\/\/ny-staging-alex.stilanddesign.se\/en\/wp-json\/wp\/v2\/pages\/1056787\/revisions\/1056794"}],"wp:attachment":[{"href":"https:\/\/ny-staging-alex.stilanddesign.se\/en\/wp-json\/wp\/v2\/media?parent=1056787"}],"curies":[{"name":"wp","href":"https:\/\/api.w.org\/{rel}","templated":true}]}}